{"id":100,"date":"2017-07-06T10:05:24","date_gmt":"2017-07-06T10:05:24","guid":{"rendered":"http:\/\/geoportal-vg.de\/geoportal\/?page_id=100"},"modified":"2025-01-30T09:18:56","modified_gmt":"2025-01-30T09:18:56","slug":"datenschutz","status":"publish","type":"page","link":"https:\/\/geoportal-vg.de\/geoportal\/index.php\/datenschutz\/","title":{"rendered":"Datenschutz"},"content":{"rendered":"\n<h3 style=\"font-size:24px;\">Information nach den Artikeln 13 und 14 Datenschutz-Grundverordnung (DS-GVO)<\/h3>\n\n\n\n<p>Die Verarbeitung Ihrer personenbezogenen Daten (nachfolgend Daten genannt) erfolgt stets im Einklang mit der Datenschutz-Grundverordnung und in \u00dcbereinstimmung mit den landesspezifischen Datenschutz Bestimmungen.Mit dieser Datenschutzerkl\u00e4rung informiert der Landkreis Vorpommern-Greifswald \u00fcber Art, Umfang und Zweck der erhobenen, genutzten und verarbeiteten Daten. Des Weiteren werden betroffene Personen \u00fcber die ihnen zustehenden Rechte aufgekl\u00e4rt.<\/p>\n\n\n\n<h4 class=\"wp-block-heading\">Kontaktdaten des Verantwortlichen<\/h4>\n\n\n\n<p>Landkreis Vorpommern Greifswald<br><strong>Michael Sack<\/strong><br>Der Landrat<br>Feldstra\u00dfe 85 A<br>17489 Greifswald<br>Telefon: +49 (0)3834 8760-1000<br>Fax: +49 (0)3834 8760-9001<br>E-Mail: <a href=\"mailto:michael.sack@kreis-vg.de\">michael.sack@kreis-vg.de<\/a><br>Internet: <a rel=\"noreferrer noopener\" href=\"https:\/\/www.kreis-vg.de\" target=\"_blank\">www.kreis-vg.de<\/a><\/p>\n\n\n\n<h4 class=\"wp-block-heading\">Kontaktdaten des beh\u00f6rdlichen Datenschutzbeauftragten<\/h4>\n\n\n\n<p>Zweckverband Elektronische Verwaltung in Mecklenburg-Vorpommern (eGo-MV)<br><strong>Gemeinsamer Datenschutzbeauftragter<\/strong><br>Eckdrift 103<br>19061 Schwerin<br>Telefon: +49 (0)385 773347-51<br>E-Mail: <a href=\"mailto:Datenschutz@ego-mv.de\">Datenschutz@ego-mv.de<\/a><\/p>\n\n\n\n<h4 class=\"wp-block-heading\">Verarbeitungszwecke und Rechtsgrundlage<\/h4>\n\n\n\n<p>Die Verarbeitung Ihrer Daten erfolgt ausschlie\u00dflich f\u00fcr Zwecke, die sich aus einer Rechtsnorm ergeben und zu dem der Landkreis Vorpommern-Greifswald verpflichtet oder berechtigt ist. Dar\u00fcber hinaus ist die Verarbeitung der Daten aufgrund einer von Ihnen abgegebenen Einwilligungserkl\u00e4rung zul\u00e4ssig.<\/p>\n\n\n\n<h4 class=\"wp-block-heading\">Empf\u00e4nger<\/h4>\n\n\n\n<p>In bestimmten F\u00e4llen ist der Landkreis Vorpommern-Greifswald berechtigt bzw. verpflichtet Daten an Dritte zu \u00fcbermitteln. Die \u00dcbermittlung ist aufgrund einer \u00dcbermittlungsbefugnis bzw. aufgrund einer Einwilligung zul\u00e4ssig.<\/p>\n\n\n\n<h4 class=\"wp-block-heading\">Dritter<\/h4>\n\n\n\n<p>Dritter kann eine nat\u00fcrliche oder juristische Person, eine Beh\u00f6rde oder andere Stelle sein, die befugt sind, Daten zu verarbeiten.<\/p>\n\n\n\n<h4 class=\"wp-block-heading\">\u00dcbermittlung an ein Drittland<\/h4>\n\n\n\n<p>Grunds\u00e4tzlich erfolgt keine \u00dcbermittlung von Daten an ein Drittland (au\u00dferhalb der europ\u00e4ischen Union). Ist in Ausnahmef\u00e4llen eine \u00dcbermittlung an ein Drittland erforderlich, wird dies streng nach den Vorschriften der Datenschutz-Grundverordnung vorgenommen.<\/p>\n\n\n\n<h4 class=\"wp-block-heading\">Dauer der Speicherung<\/h4>\n\n\n\n<p>Ihre zur Aufgabenerf\u00fcllung erforderlichen Daten werden gespeichert und innerhalb einer angemessenen Frist unter Beachtung der gesetzlichen Aufbewahrungspflichten gel\u00f6scht bzw. vernichtet.<\/p>\n\n\n\n<h4 class=\"wp-block-heading\">Rechte der Betroffenen<\/h4>\n\n\n\n<p>Ihnen stehen nach Vorliegen der gesetzlichen Voraussetzungen folgende Rechte nach den Artikeln 15 bis 22 der Datenschutz-Grundverordnung zu:<\/p>\n\n\n\n<ul class=\"wp-block-list\"><li>Recht auf Auskunft,<\/li><li>Recht auf Berichtigung,<\/li><li>Recht auf L\u00f6schung,<\/li><li>Recht auf Einschr\u00e4nkung der Verarbeitung,<\/li><li>Recht auf Widerspruch sowie<\/li><li>Recht auf Daten\u00fcbertragbarkeit.<\/li><\/ul>\n\n\n\n<h4 class=\"wp-block-heading\">Diese Rechte werden auf Antrag kostenlos gew\u00e4hrt.<\/h4>\n\n\n\n<h4 class=\"wp-block-heading\">Einwilligung<\/h4>\n\n\n\n<p>Beruht die Verarbeitung von Daten auf der Grundlage einer von Ihnen erteilten Einwilligungserkl\u00e4rung, kann diese jederzeit f\u00fcr die Zukunft widerrufen werden. Nachteile entstehen Ihnen dadurch keine.<\/p>\n\n\n\n<h4 class=\"wp-block-heading\">Beschwerderecht bei der Aufsichtsbeh\u00f6rde<\/h4>\n\n\n\n<p>Sie haben nach Artikel 77 DS-GVO das Recht, sich bei der Aufsichtsbeh\u00f6rde zu beschweren, wenn Sie der Ansicht sind, dass die Verarbeitung Ihrer Daten nicht rechtm\u00e4\u00dfig erfolgt.<\/p>\n\n\n\n<h4 class=\"wp-block-heading\">Aufsichtsbeh\u00f6rde<\/h4>\n\n\n\n<p>Landesbeauftragte f\u00fcr Datenschutz und Informationsfreiheit Mecklenburg-Vorpommern<br>Lennestra\u00dfe 1<br>19053 Schwerin<\/p>\n","protected":false},"excerpt":{"rendered":"<p>Information nach den Artikeln 13 und 14 Datenschutz-Grundverordnung (DS-GVO) Die Verarbeitung Ihrer personenbezogenen Daten (nachfolgend Daten genannt) erfolgt stets im Einklang mit der Datenschutz-Grundverordnung und in \u00dcbereinstimmung mit den landesspezifischen Datenschutz Bestimmungen.Mit dieser Datenschutzerkl\u00e4rung informiert der Landkreis Vorpommern-Greifswald \u00fcber Art, Umfang und Zweck der erhobenen, genutzten und verarbeiteten Daten. Des Weiteren werden betroffene Personen \u00fcber&hellip; <a class=\"read-more\" href=\"https:\/\/geoportal-vg.de\/geoportal\/index.php\/datenschutz\/\">Read More<\/a><\/p>\n","protected":false},"author":1,"featured_media":0,"parent":0,"menu_order":99,"comment_status":"closed","ping_status":"closed","template":"page-nosidebar.php","meta":{"footnotes":""},"class_list":["post-100","page","type-page","status-publish","hentry"],"jetpack_sharing_enabled":true,"_links":{"self":[{"href":"https:\/\/geoportal-vg.de\/geoportal\/index.php\/wp-json\/wp\/v2\/pages\/100","targetHints":{"allow":["GET"]}}],"collection":[{"href":"https:\/\/geoportal-vg.de\/geoportal\/index.php\/wp-json\/wp\/v2\/pages"}],"about":[{"href":"https:\/\/geoportal-vg.de\/geoportal\/index.php\/wp-json\/wp\/v2\/types\/page"}],"author":[{"embeddable":true,"href":"https:\/\/geoportal-vg.de\/geoportal\/index.php\/wp-json\/wp\/v2\/users\/1"}],"replies":[{"embeddable":true,"href":"https:\/\/geoportal-vg.de\/geoportal\/index.php\/wp-json\/wp\/v2\/comments?post=100"}],"version-history":[{"count":25,"href":"https:\/\/geoportal-vg.de\/geoportal\/index.php\/wp-json\/wp\/v2\/pages\/100\/revisions"}],"predecessor-version":[{"id":166094,"href":"https:\/\/geoportal-vg.de\/geoportal\/index.php\/wp-json\/wp\/v2\/pages\/100\/revisions\/166094"}],"wp:attachment":[{"href":"https:\/\/geoportal-vg.de\/geoportal\/index.php\/wp-json\/wp\/v2\/media?parent=100"}],"curies":[{"name":"wp","href":"https:\/\/api.w.org\/{rel}","templated":true}]}}