{"id":102,"date":"2017-07-06T10:06:33","date_gmt":"2017-07-06T10:06:33","guid":{"rendered":"http:\/\/geoportal-vg.de\/geoportal\/?page_id=102"},"modified":"2025-09-02T13:24:09","modified_gmt":"2025-09-02T13:24:09","slug":"impressum","status":"publish","type":"page","link":"https:\/\/geoportal-vg.de\/geoportal\/index.php\/impressum\/","title":{"rendered":"Impressum"},"content":{"rendered":"\n<h3 style=\"font-size:22px;\">Angaben gem\u00e4\u00df \u00a7 5 TMG:<\/h3>\n\n\n\n<hr class=\"wp-block-separator has-alpha-channel-opacity\"\/>\n\n\n\n<figure class=\"wp-block-table\"><table class=\"has-fixed-layout\"><tbody><tr><td>Landkreis Vorpommern-Greifswald<br>Standort Greifswald<br>Feldstra\u00dfe 85a<br>17489 Greifswald<\/td><td>Landkreis Vorpommern-Greifswald<br>Standort Anklam<br>Demminer Landstra\u00dfe 71-74<br>17389 Anklam<\/td><td>Landkreis Vorpommern-Greifswald<br>Standort Pasewalk<br>An der K\u00fcrassierkaserne 9<br>17309 Pasewalk<\/td><\/tr><\/tbody><\/table><\/figure>\n\n\n\n<h4 class=\"wp-block-heading\">Der Landkreis Vorpommern-Greifswald ist eine K\u00f6rperschaft des \u00f6ffentlichen Rechts und wird vertreten durch:<\/h4>\n\n\n\n<p>Den Landrat<br>Herr Michael Sack<\/p>\n\n\n\n<p>Telefon: +49 (0) 3834 8760 0<br>Telefax: +49 (0) 3834 8760 9000<br>E-Mail: <a href=\"mailto:posteingang@kreis-vg.de\">posteingang@kreis-vg.de<\/a><\/p>\n\n\n\n<h4 class=\"wp-block-heading\"> <br>Aufsichtsbeh\u00f6rde f\u00fcr den Landkreis Vorpommern-Greifswald:<\/h4>\n\n\n\n<p>Ministerium f\u00fcr Inneres und Europa MV<br>Alexandrinenstra\u00dfe 1<br>19055 Schwerin<\/p>\n\n\n\n<h4 class=\"wp-block-heading\" id=\"ansprechpartner\"> <br>Verantwortlich f\u00fcr redaktionelle Beitr\u00e4ge und Inhalte gem\u00e4\u00df \u00a7 18 Abs. 2 des Medienstaatsvertrags (MStV):<\/h4>\n\n\n\n<p>Kataster- und Vermessungsamt<br>Koordination Geoinformationssysteme<br>Telefon: +49 (0) 3834 8760 3501<br>Telefax: +49 (0) 3834 8760 9099<br>E-Mail: <a href=\"mailto:Geoinformation@kreis-vg.de\">geoinformation@kreis-vg.de<\/a><br><br><a href=\"https:\/\/www.kreis-vg.de\/B%C3%BCrgerservice\/Dienstleistungen\/Bereitstellen-von-Geoinformationen-Portale-Dienste-.php?object=tx,3079.2.1&amp;ModID=10&amp;FID=2098.99.1&amp;NavID=3079.3.1&amp;La=1&amp;ort=2098.19\">Ansprechpartner<\/a><\/p>\n\n\n\n<h3 style=\"font-size:22px;\">Haftungsausschluss:<\/h3>\n\n\n\n<hr class=\"wp-block-separator has-alpha-channel-opacity\"\/>\n\n\n\n<h4 class=\"wp-block-heading\">Haftung f\u00fcr Inhalte<\/h4>\n\n\n\n<p>Die Inhalte unserer Seiten wurden mit gr\u00f6\u00dfter Sorgfalt erstellt. F\u00fcr die Richtigkeit, Vollst\u00e4ndigkeit und Aktualit\u00e4t der Inhalte k\u00f6nnen wir keine Gew\u00e4hr \u00fcbernehmen. Als Diensteanbieter sind wir gem\u00e4\u00df \u00a7 7 Abs.1 TMG f\u00fcr eigene Inhalte nach den allgemeinen Gesetzen auf diesen Seiten verantwortlich. Wir sind nach den \u00a7\u00a7 8-10 des TMG aber nicht verpflichtet, \u00fcbermittelte oder gespeicherte fremde Informationen zu \u00fcberwachen oder nach Umst\u00e4nden zu forschen, die auf eine rechtswidrige T\u00e4tigkeit hinweisen. Eine Verpflichtung zur Entfernung oder Sperrung der Nutzung von Informationen nach den allgemeinen Gesetzen bleiben hiervon unber\u00fchrt. Eine diesbez\u00fcgliche Haftung ist erst ab dem Zeitpunkt der Kenntnis einer konkreten Rechtsverletzung m\u00f6glich. Bei Bekanntwerden entsprechender Rechtsverletzungen werden wir diese Inhalte umgehend entfernen.<\/p>\n\n\n\n<h4 class=\"wp-block-heading\">Haftung f\u00fcr Links<\/h4>\n\n\n\n<p>Unser Angebot enth\u00e4lt Links zu Webseiten Dritter, auf deren Inhalte wir keinen Einfluss haben und deshalb auch keine Gew\u00e4hr \u00fcbernehmen k\u00f6nnen. F\u00fcr die Inhalte der verlinkten Seiten ist stets der jeweilige Anbieter oder Betreiber der Seiten verantwortlich. Die verlinkten Seiten wurden zum Zeitpunkt der Verlinkung auf m\u00f6gliche Rechtsverst\u00f6\u00dfe \u00fcberpr\u00fcft. Rechtswidrige Inhalte waren nicht erkennbar. Eine permanente inhaltliche Kontrolle der verlinkten Seiten ist jedoch ohne konkrete Anhaltspunkte einer Rechtsverletzung nicht zumutbar. Bei Bekanntwerden von Rechtsverletzungen werden wir derartige Links umgehend entfernen.<\/p>\n\n\n\n<p>Quelle: <a href=\"http:\/\/www.e-recht24.de\/muster-disclaimer.htm\">Disclaimer eRecht24<\/a><\/p>\n\n\n\n<p>Icons made by <a title=\"Good Ware\" href=\"https:\/\/www.flaticon.com\/authors\/good-ware\">Good Ware<\/a> from <a title=\"Flaticon\" href=\"https:\/\/www.flaticon.com\/\">www.flaticon.com<\/a> is licensed by <a title=\"Creative Commons BY 3.0\" href=\"http:\/\/creativecommons.org\/licenses\/by\/3.0\/\" target=\"_blank\" rel=\"noopener noreferrer\">CC 3.0 BY<\/a><\/p>\n","protected":false},"excerpt":{"rendered":"<p>Angaben gem\u00e4\u00df \u00a7 5 TMG: Landkreis Vorpommern-GreifswaldStandort GreifswaldFeldstra\u00dfe 85a17489 Greifswald Landkreis Vorpommern-GreifswaldStandort AnklamDemminer Landstra\u00dfe 71-7417389 Anklam Landkreis Vorpommern-GreifswaldStandort PasewalkAn der K\u00fcrassierkaserne 917309 Pasewalk Der Landkreis Vorpommern-Greifswald ist eine K\u00f6rperschaft des \u00f6ffentlichen Rechts und wird vertreten durch: Den LandratHerr Michael Sack Telefon: +49 (0) 3834 8760 0Telefax: +49 (0) 3834 8760 9000E-Mail: posteingang@kreis-vg.de Aufsichtsbeh\u00f6rde f\u00fcr den&hellip; <a class=\"read-more\" href=\"https:\/\/geoportal-vg.de\/geoportal\/index.php\/impressum\/\">Read More<\/a><\/p>\n","protected":false},"author":1,"featured_media":0,"parent":0,"menu_order":99,"comment_status":"closed","ping_status":"closed","template":"page-nosidebar.php","meta":{"footnotes":""},"class_list":["post-102","page","type-page","status-publish","hentry"],"jetpack_sharing_enabled":true,"_links":{"self":[{"href":"https:\/\/geoportal-vg.de\/geoportal\/index.php\/wp-json\/wp\/v2\/pages\/102","targetHints":{"allow":["GET"]}}],"collection":[{"href":"https:\/\/geoportal-vg.de\/geoportal\/index.php\/wp-json\/wp\/v2\/pages"}],"about":[{"href":"https:\/\/geoportal-vg.de\/geoportal\/index.php\/wp-json\/wp\/v2\/types\/page"}],"author":[{"embeddable":true,"href":"https:\/\/geoportal-vg.de\/geoportal\/index.php\/wp-json\/wp\/v2\/users\/1"}],"replies":[{"embeddable":true,"href":"https:\/\/geoportal-vg.de\/geoportal\/index.php\/wp-json\/wp\/v2\/comments?post=102"}],"version-history":[{"count":33,"href":"https:\/\/geoportal-vg.de\/geoportal\/index.php\/wp-json\/wp\/v2\/pages\/102\/revisions"}],"predecessor-version":[{"id":166480,"href":"https:\/\/geoportal-vg.de\/geoportal\/index.php\/wp-json\/wp\/v2\/pages\/102\/revisions\/166480"}],"wp:attachment":[{"href":"https:\/\/geoportal-vg.de\/geoportal\/index.php\/wp-json\/wp\/v2\/media?parent=102"}],"curies":[{"name":"wp","href":"https:\/\/api.w.org\/{rel}","templated":true}]}}