{"id":12042,"date":"2022-05-25T13:26:42","date_gmt":"2022-05-25T13:26:42","guid":{"rendered":"https:\/\/geoportal-vg.de\/geoportal\/?page_id=12042"},"modified":"2025-10-23T14:38:57","modified_gmt":"2025-10-23T14:38:57","slug":"themenkarten","status":"publish","type":"page","link":"https:\/\/geoportal-vg.de\/geoportal\/index.php\/sample-page\/themenkarten\/","title":{"rendered":"Thematische Karten"},"content":{"rendered":"\n<div style=\"height:14px\" aria-hidden=\"true\" class=\"wp-block-spacer\"><\/div>\n\n\n\n<p>Thematische Karten stellen bestimmte Sachverhalte f\u00fcr einen Zeitpunkt oder f\u00fcr einen Zeitraum und f\u00fcr einen bestimmten Ort dar. Ein Beispiel sind die Bodenrichtwerte f\u00fcr Bauland, die stichtagsbezogen alle zwei Jahre erhoben werden. Die bestimmenden Merkmale der Objekte lassen sich \u00fcber einen Klick in die Karte ermitteln und gegebenenfalls auch die Zusammenh\u00e4nge ihrer zeitlichen \u00c4nderung ablesen.<\/p>\n\n\n\n<p>F\u00fcr folgende Themen haben wir Sachverhalte in separaten Karten f\u00fcr Sie zusammengestellt:<\/p>\n\n\n\n<div style=\"height:14px\" aria-hidden=\"true\" class=\"wp-block-spacer\"><\/div>\n\n\n<div class=\"row\">\n<div style=\"margin-top: 1em; margin-left: -20px;\">\n<div class=\"col-md-3\">\n<div class=\"bar-area\">\n\n<div class=\"bar-link\">\r\n\t<a class=\"paoc-popup-click paoc-popup-cust-14528 paoc-popup-simple_link paoc-popup-link\" href=\"javascript:void(0);\">Kinder &amp; Bildung<\/a>\r\n\r\n<img loading=\"lazy\" decoding=\"async\" class=\"alignnone size-full wp-image-2274\" style=\"vertical-align: baseline;\" src=\"https:\/\/geoportal-vg.de\/geoportal\/wp-content\/uploads\/2022\/09\/info.png\" alt=\"\" width=\"16\" height=\"16\"><\/div>\n<\/div>\n<\/div>\n<div class=\"col-md-3\">\n<div class=\"bar-area\">\n\n<div class=\"bar-link\">\r\n\t<a class=\"paoc-popup-click paoc-popup-cust-67018 paoc-popup-simple_link paoc-popup-link\" href=\"javascript:void(0);\">Gesundheit<\/a>\r\n\r\n<img loading=\"lazy\" decoding=\"async\" class=\"alignnone size-full wp-image-2274\" style=\"vertical-align: baseline;\" src=\"https:\/\/geoportal-vg.de\/geoportal\/wp-content\/uploads\/2022\/09\/info.png\" alt=\"\" width=\"16\" height=\"16\"><\/div>\n<\/div>\n<\/div>\n<div class=\"col-md-3\">\n<div class=\"bar-area\">\n\n<div class=\"bar-link\">\r\n\t<a class=\"paoc-popup-click paoc-popup-cust-67051 paoc-popup-simple_link paoc-popup-link\" href=\"javascript:void(0);\">Pflege &amp; Soziales<\/a>\r\n\r\n<img loading=\"lazy\" decoding=\"async\" class=\"alignnone size-full wp-image-2274\" style=\"vertical-align: baseline;\" src=\"https:\/\/geoportal-vg.de\/geoportal\/wp-content\/uploads\/2022\/09\/info.png\" alt=\"\" width=\"16\" height=\"16\"><\/div>\n<\/div>\n<\/div>\n<div class=\"col-md-3\">\n<div class=\"bar-area\">\n\n<div class=\"bar-link\">\r\n\t<a class=\"paoc-popup-click paoc-popup-cust-67150 paoc-popup-simple_link paoc-popup-link\" href=\"javascript:void(0);\">Breitbandausbau<\/a>\r\n\r\n<img loading=\"lazy\" decoding=\"async\" class=\"alignnone size-full wp-image-2274\" style=\"vertical-align: baseline;\" src=\"https:\/\/geoportal-vg.de\/geoportal\/wp-content\/uploads\/2022\/09\/info.png\" alt=\"\" width=\"16\" height=\"16\"><\/div>\n<\/div>\n<\/div>\n<\/div>\n<\/div>\n<div class=\"row\">\n<div style=\"margin-top: 1em; margin-left: -20px;\">\n<div class=\"col-md-3\">\n<div class=\"bar-area\">\n\n<div class=\"bar-link\">\r\n\t<a class=\"paoc-popup-click paoc-popup-cust-164839 paoc-popup-simple_link paoc-popup-link\" href=\"javascript:void(0);\">Liegenschaftskataster<\/a>\r\n\r\n<img loading=\"lazy\" decoding=\"async\" class=\"alignnone size-full wp-image-2274\" style=\"vertical-align: baseline;\" src=\"https:\/\/geoportal-vg.de\/geoportal\/wp-content\/uploads\/2022\/09\/info.png\" alt=\"\" width=\"16\" height=\"16\"><\/div>\n<\/div>\n<\/div>\n<div class=\"col-md-3\">\n<div class=\"bar-area\">\n\n<div class=\"bar-link\">\r\n\t<a class=\"paoc-popup-click paoc-popup-cust-165303 paoc-popup-simple_link paoc-popup-link\" href=\"javascript:void(0);\">Bodensch\u00e4tzung<\/a>\r\n\r\n<img loading=\"lazy\" decoding=\"async\" class=\"alignnone size-full wp-image-2274\" style=\"vertical-align: baseline;\" src=\"https:\/\/geoportal-vg.de\/geoportal\/wp-content\/uploads\/2022\/09\/info.png\" alt=\"\" width=\"16\" height=\"16\"><\/div>\n<\/div>\n<\/div>\n<div class=\"col-md-3\">\n<div class=\"bar-area\">\n\n<div class=\"bar-link\">\r\n\t<a class=\"paoc-popup-click paoc-popup-cust-164202 paoc-popup-simple_link paoc-popup-link\" href=\"javascript:void(0);\">Bodenrichtwerte<\/a>\r\n\r\n<img loading=\"lazy\" decoding=\"async\" class=\"alignnone size-full wp-image-2274\" style=\"vertical-align: baseline;\" src=\"https:\/\/geoportal-vg.de\/geoportal\/wp-content\/uploads\/2022\/09\/info.png\" alt=\"\" width=\"16\" height=\"16\"><\/div>\n<\/div>\n<\/div>\n<div class=\"col-md-3\">\n<div class=\"bar-area\">\n\n<div class=\"bar-link\">\r\n\t<a class=\"paoc-popup-click paoc-popup-cust-67084 paoc-popup-simple_link paoc-popup-link\" href=\"javascript:void(0);\">Planen &amp; Bauen<\/a>\r\n\r\n<img loading=\"lazy\" decoding=\"async\" class=\"alignnone size-full wp-image-2274\" style=\"vertical-align: baseline;\" src=\"https:\/\/geoportal-vg.de\/geoportal\/wp-content\/uploads\/2022\/09\/info.png\" alt=\"\" width=\"16\" height=\"16\"><\/div>\n<\/div>\n<\/div>\n<\/div>\n<\/div>\n<div class=\"row\">\n<div style=\"margin-top: 1em; margin-left: -20px;\">\n<div class=\"col-md-3\">\n<div class=\"bar-area\">\n\n<div class=\"bar-link\">\r\n\t<a class=\"paoc-popup-click paoc-popup-cust-164204 paoc-popup-simple_link paoc-popup-link\" href=\"javascript:void(0);\">Ver- &amp; Entsorgung<\/a>\r\n\r\n<img loading=\"lazy\" decoding=\"async\" class=\"alignnone size-full wp-image-2274\" style=\"vertical-align: baseline;\" src=\"https:\/\/geoportal-vg.de\/geoportal\/wp-content\/uploads\/2022\/09\/info.png\" alt=\"\" width=\"16\" height=\"16\"><\/div>\n<\/div>\n<\/div>\n<div class=\"col-md-3\">\n<div class=\"bar-area\">\n\n<div class=\"bar-link\">\r\n\t<a class=\"paoc-popup-click paoc-popup-cust-164325 paoc-popup-simple_link paoc-popup-link\" href=\"javascript:void(0);\">Naturschutz<\/a>\r\n\r\n<img loading=\"lazy\" decoding=\"async\" class=\"alignnone size-full wp-image-2274\" style=\"vertical-align: baseline;\" src=\"https:\/\/geoportal-vg.de\/geoportal\/wp-content\/uploads\/2022\/09\/info.png\" alt=\"\" width=\"16\" height=\"16\"><\/div>\n<\/div>\n<\/div>\n<div class=\"col-md-3\">\n<div class=\"bar-area\">\n\n<div class=\"bar-link\">\r\n\t<a class=\"paoc-popup-click paoc-popup-cust-164847 paoc-popup-simple_link paoc-popup-link\" href=\"javascript:void(0);\">Seuchenschutz<\/a>\r\n\r\n<img loading=\"lazy\" decoding=\"async\" class=\"alignnone size-full wp-image-2274\" style=\"vertical-align: baseline;\" src=\"https:\/\/geoportal-vg.de\/geoportal\/wp-content\/uploads\/2022\/09\/info.png\" alt=\"\" width=\"16\" height=\"16\"><\/div>\n<\/div>\n<\/div>\n<p><div class=\"col-md-3\">\n<div class=\"bar-area\">\n\n<div class=\"bar-link\">\r\n\t<a class=\"paoc-popup-click paoc-popup-cust-166511 paoc-popup-simple_link paoc-popup-link\" href=\"javascript:void(0);\">Kehrbezirke<\/a>\r\n\r\n<img loading=\"lazy\" decoding=\"async\" class=\"alignnone size-full wp-image-2274\" style=\"vertical-align: baseline;\" src=\"https:\/\/geoportal-vg.de\/geoportal\/wp-content\/uploads\/2022\/09\/info.png\" alt=\"\" width=\"16\" height=\"16\"><\/div>\n<\/div>\n<\/div>\n<\/div>\n<\/div>\n<div class=\"row\">\n<div style=\"margin-top: 1em; margin-left: -20px;\">\n<div class=\"col-md-3\">\n<div class=\"bar-area\">\n\n<div class=\"bar-link\">\r\n\t<a class=\"paoc-popup-click paoc-popup-cust-67117 paoc-popup-simple_link paoc-popup-link\" href=\"javascript:void(0);\">Stra\u00dfe &amp; Verkehr<\/a>\r\n\r\n<img loading=\"lazy\" decoding=\"async\" class=\"alignnone size-full wp-image-2274\" style=\"vertical-align: baseline;\" src=\"https:\/\/geoportal-vg.de\/geoportal\/wp-content\/uploads\/2022\/09\/info.png\" alt=\"\" width=\"16\" height=\"16\"><\/div>\n<\/div>\n<\/div>\n<div class=\"col-md-3\">\n<div class=\"bar-area\">\n\n<div class=\"bar-link\">\r\n\t<a class=\"paoc-popup-click paoc-popup-cust-165305 paoc-popup-simple_link paoc-popup-link\" href=\"javascript:void(0);\">Tourismus<\/a>\r\n\r\n<img loading=\"lazy\" decoding=\"async\" class=\"alignnone size-full wp-image-2274\" style=\"vertical-align: baseline;\" src=\"https:\/\/geoportal-vg.de\/geoportal\/wp-content\/uploads\/2022\/09\/info.png\" alt=\"\" width=\"16\" height=\"16\"><\/div>\n<\/div>\n<\/div>\n<div class=\"col-md-3\">\n<div>\n<\/div>\n<\/div>\n<div class=\"col-md-3\">\n<div>\n<\/div>\n<\/div>\n<\/div>\n<\/div>\n","protected":false},"excerpt":{"rendered":"<p>Thematische Karten stellen bestimmte Sachverhalte f\u00fcr einen Zeitpunkt oder f\u00fcr einen Zeitraum und f\u00fcr einen bestimmten Ort dar. Ein Beispiel sind die Bodenrichtwerte f\u00fcr Bauland, die stichtagsbezogen alle zwei Jahre erhoben werden. Die bestimmenden Merkmale der Objekte lassen sich \u00fcber einen Klick in die Karte ermitteln und gegebenenfalls auch die Zusammenh\u00e4nge ihrer zeitlichen \u00c4nderung ablesen.&hellip; <a class=\"read-more\" href=\"https:\/\/geoportal-vg.de\/geoportal\/index.php\/sample-page\/themenkarten\/\">Read More<\/a><\/p>\n","protected":false},"author":1,"featured_media":0,"parent":2,"menu_order":0,"comment_status":"closed","ping_status":"closed","template":"page-nosidebar.php","meta":{"footnotes":""},"class_list":["post-12042","page","type-page","status-publish","hentry"],"jetpack_sharing_enabled":true,"_links":{"self":[{"href":"https:\/\/geoportal-vg.de\/geoportal\/index.php\/wp-json\/wp\/v2\/pages\/12042","targetHints":{"allow":["GET"]}}],"collection":[{"href":"https:\/\/geoportal-vg.de\/geoportal\/index.php\/wp-json\/wp\/v2\/pages"}],"about":[{"href":"https:\/\/geoportal-vg.de\/geoportal\/index.php\/wp-json\/wp\/v2\/types\/page"}],"author":[{"embeddable":true,"href":"https:\/\/geoportal-vg.de\/geoportal\/index.php\/wp-json\/wp\/v2\/users\/1"}],"replies":[{"embeddable":true,"href":"https:\/\/geoportal-vg.de\/geoportal\/index.php\/wp-json\/wp\/v2\/comments?post=12042"}],"version-history":[{"count":101,"href":"https:\/\/geoportal-vg.de\/geoportal\/index.php\/wp-json\/wp\/v2\/pages\/12042\/revisions"}],"predecessor-version":[{"id":166513,"href":"https:\/\/geoportal-vg.de\/geoportal\/index.php\/wp-json\/wp\/v2\/pages\/12042\/revisions\/166513"}],"up":[{"embeddable":true,"href":"https:\/\/geoportal-vg.de\/geoportal\/index.php\/wp-json\/wp\/v2\/pages\/2"}],"wp:attachment":[{"href":"https:\/\/geoportal-vg.de\/geoportal\/index.php\/wp-json\/wp\/v2\/media?parent=12042"}],"curies":[{"name":"wp","href":"https:\/\/api.w.org\/{rel}","templated":true}]}}