{"id":164554,"date":"2022-09-16T15:37:05","date_gmt":"2022-09-16T15:37:05","guid":{"rendered":"https:\/\/geoportal-vg.de\/geoportal\/?page_id=164554"},"modified":"2022-10-20T12:09:56","modified_gmt":"2022-10-20T12:09:56","slug":"zugangsvoraussetzungen","status":"publish","type":"page","link":"https:\/\/geoportal-vg.de\/geoportal\/index.php\/sample-page\/zugangsvoraussetzungen\/","title":{"rendered":"Zugang"},"content":{"rendered":"\n<p>Autorisierten Nutzern stellt der Landkreis Vorpommern-Greifswald <a href=\"https:\/\/geoportal-vg.de\/geoportal\/index.php\/glossar\/geobasisdaten\/\" data-type=\"URL\" data-id=\"https:\/\/geoportal-vg.de\/geoportal\/index.php\/glossar\/geobasisdaten\/\">Geobasis-<\/a> und<strong> <\/strong><a href=\"https:\/\/geoportal-vg.de\/geoportal\/index.php\/glossar\/geofachdaten\/\" data-type=\"URL\" data-id=\"https:\/\/geoportal-vg.de\/geoportal\/index.php\/glossar\/geofachdaten\/\">Geofachdaten<\/a> \u00fcber das WebGIS <strong>kvwmap<\/strong> zur Verf\u00fcgung.<\/p>\n\n\n\n<p>Einen Zugang erhalten z.Z. die \u00c4mter und amtsfreien Gemeinden\/St\u00e4dte. Daneben k\u00f6nnen auch Landesbeh\u00f6rden, \u00d6ffentlich bestellte Vermessungsingenieure (\u00d6bVIs), Notare, Zweckverb\u00e4nde, Gutachter und Banken die Nutzung beantragen.<\/p>\n\n\n\n<p>Die Bereitstellung unterliegt den Bestimmungen des Landesdatenschutzgesetzes DSG M-V in Verbindung mit dem Geoinformations- und Vermessungsgesetz GeoVermG M-V.<\/p>\n\n\n\n<p>F\u00fcr die Einrichtung eines Zugangs wenden Sie sich bitte an den Bereich <a href=\"index.php\/impressum\/\">Geoinformation<\/a> des Kataster- und Vermessungsamtes.<\/p>\n\n\n\n<p><strong>Technische Hinweise:<\/strong><\/p>\n\n\n\n<p>Wie eingangs erw\u00e4hnt, handelt es sich bei kvwmap um ein WebGIS. Dieses zu verwenden, setzt lediglich einen Browser mit bestimmten Einstellungen voraus. Zum einen muss JavaScript aktiviert und zum anderen d\u00fcrfen Cookies nicht blockiert werden.<\/p>\n\n\n\n<p>Getestet ist kvwmap mit Mozilla Firefox, Opera, Google Chrome und dem Internet Explorer. Empfohlen wird Mozilla Firefox in der jeweils aktuellen Version.<\/p>\n\n\n\n<p>F\u00fcr den Fall, dass personenbezogene Daten (z. B. Grundst\u00fcckseigent\u00fcmer) eingesehen werden d\u00fcrfen\/sollen, ist neben der Zugangskennung auch eine feste IP-Adresse vonn\u00f6ten.<\/p>\n","protected":false},"excerpt":{"rendered":"<p>Autorisierten Nutzern stellt der Landkreis Vorpommern-Greifswald Geobasis- und Geofachdaten \u00fcber das WebGIS kvwmap zur Verf\u00fcgung. Einen Zugang erhalten z.Z. die \u00c4mter und amtsfreien Gemeinden\/St\u00e4dte. Daneben k\u00f6nnen auch Landesbeh\u00f6rden, \u00d6ffentlich bestellte Vermessungsingenieure (\u00d6bVIs), Notare, Zweckverb\u00e4nde, Gutachter und Banken die Nutzung beantragen. Die Bereitstellung unterliegt den Bestimmungen des Landesdatenschutzgesetzes DSG M-V in Verbindung mit dem Geoinformations- und&hellip; <a class=\"read-more\" href=\"https:\/\/geoportal-vg.de\/geoportal\/index.php\/sample-page\/zugangsvoraussetzungen\/\">Read More<\/a><\/p>\n","protected":false},"author":1,"featured_media":0,"parent":2,"menu_order":0,"comment_status":"closed","ping_status":"closed","template":"page-nosidebar.php","meta":{"footnotes":""},"class_list":["post-164554","page","type-page","status-publish","hentry"],"jetpack_sharing_enabled":true,"_links":{"self":[{"href":"https:\/\/geoportal-vg.de\/geoportal\/index.php\/wp-json\/wp\/v2\/pages\/164554","targetHints":{"allow":["GET"]}}],"collection":[{"href":"https:\/\/geoportal-vg.de\/geoportal\/index.php\/wp-json\/wp\/v2\/pages"}],"about":[{"href":"https:\/\/geoportal-vg.de\/geoportal\/index.php\/wp-json\/wp\/v2\/types\/page"}],"author":[{"embeddable":true,"href":"https:\/\/geoportal-vg.de\/geoportal\/index.php\/wp-json\/wp\/v2\/users\/1"}],"replies":[{"embeddable":true,"href":"https:\/\/geoportal-vg.de\/geoportal\/index.php\/wp-json\/wp\/v2\/comments?post=164554"}],"version-history":[{"count":6,"href":"https:\/\/geoportal-vg.de\/geoportal\/index.php\/wp-json\/wp\/v2\/pages\/164554\/revisions"}],"predecessor-version":[{"id":164775,"href":"https:\/\/geoportal-vg.de\/geoportal\/index.php\/wp-json\/wp\/v2\/pages\/164554\/revisions\/164775"}],"up":[{"embeddable":true,"href":"https:\/\/geoportal-vg.de\/geoportal\/index.php\/wp-json\/wp\/v2\/pages\/2"}],"wp:attachment":[{"href":"https:\/\/geoportal-vg.de\/geoportal\/index.php\/wp-json\/wp\/v2\/media?parent=164554"}],"curies":[{"name":"wp","href":"https:\/\/api.w.org\/{rel}","templated":true}]}}