{"id":2,"date":"2017-06-27T13:09:59","date_gmt":"2017-06-27T13:09:59","guid":{"rendered":"http:\/\/geoportal-vg.de\/geoportal\/?page_id=2"},"modified":"2025-08-05T12:41:30","modified_gmt":"2025-08-05T12:41:30","slug":"sample-page","status":"publish","type":"page","link":"https:\/\/geoportal-vg.de\/geoportal\/","title":{"rendered":"Willkommen . . ."},"content":{"rendered":"\n<h3 class=\"wp-block-heading has-text-align-center\">Raumbezogene Informationen einfach und komfortabel recherchieren und nutzen.<\/h3>\n\n\n<div class=\"row\">\n<div class=\"col-md-2\">\n\n<div class=\"bar-link-small\">\n\r\n\t<a class=\"paoc-popup-click paoc-popup-cust-164390 paoc-popup-simple_link paoc-popup-link\" href=\"javascript:void(0);\">G e o S h o p . V G<\/a>\r\n\r\n<img loading=\"lazy\" decoding=\"async\" class=\"alignnone size-full wp-image-2274\" style=\"vertical-align: baseline;\" src=\"https:\/\/geoportal-vg.de\/geoportal\/wp-content\/uploads\/2022\/09\/info.png\" alt=\"\" width=\"14\" height=\"14\">\n<\/div>\n<\/div>\n<div class=\"col-md-3\">\n\n<div class=\"bar-link-small\">\n\r\n\t<a class=\"paoc-popup-click paoc-popup-cust-164405 paoc-popup-simple_link paoc-popup-link\" href=\"javascript:void(0);\">B \u00fc r g e r G I S . V G<\/a>\r\n\r\n<img loading=\"lazy\" decoding=\"async\" class=\"alignnone size-full wp-image-2274\" style=\"vertical-align: baseline;\" src=\"https:\/\/geoportal-vg.de\/geoportal\/wp-content\/uploads\/2022\/09\/info.png\" alt=\"\" width=\"14\" height=\"14\">\n<\/div>\n<\/div>\n<div class=\"col-md-2\">\n\n<div class=\"bar-link-small\">\n\r\n\t<a class=\"paoc-popup-click paoc-popup-cust-2169 paoc-popup-simple_link paoc-popup-link\" href=\"javascript:void(0);\">A t l a s . V G<\/a>\r\n\r\n<img loading=\"lazy\" decoding=\"async\" class=\"alignnone size-full wp-image-2274\" style=\"vertical-align: baseline;\" src=\"https:\/\/geoportal-vg.de\/geoportal\/wp-content\/uploads\/2022\/09\/info.png\" alt=\"\" width=\"14\" height=\"14\">\n<\/div>\n<\/div>\n<div class=\"col-md-3\">\n\n<div class=\"bar-link-small\">\n\r\n\t<a class=\"paoc-popup-click paoc-popup-cust-164406 paoc-popup-simple_link paoc-popup-link\" href=\"javascript:void(0);\">G e o M I S . M V<\/a>\r\n\r\n<img loading=\"lazy\" decoding=\"async\" class=\"alignnone size-full wp-image-2274\" style=\"vertical-align: baseline;\" src=\"https:\/\/geoportal-vg.de\/geoportal\/wp-content\/uploads\/2022\/09\/info.png\" alt=\"\" width=\"14\" height=\"14\">\n<\/div>\n<\/div>\n<div class=\"col-md-2\">\n\n<div class=\"bar-link-small\">\n\r\n\t<a class=\"paoc-popup-click paoc-popup-cust-2171 paoc-popup-simple_link paoc-popup-link\" href=\"javascript:void(0);\">K V W M A P<\/a>\r\n\r\n<img loading=\"lazy\" decoding=\"async\" class=\"alignnone size-full wp-image-2274\" style=\"vertical-align: baseline;\" src=\"https:\/\/geoportal-vg.de\/geoportal\/wp-content\/uploads\/2022\/09\/info.png\" alt=\"\" width=\"14\" height=\"14\">\n<\/div>\n<\/div>\n<\/div>\n\n\n\n<div style=\"height:12px\" aria-hidden=\"true\" class=\"wp-block-spacer\"><\/div>\n\n\n\n<hr class=\"wp-block-separator has-alpha-channel-opacity\"\/>\n\n\n\n<h3 class=\"wp-block-heading\">Thematische Karten<\/h3>\n\n\n<div class='white' style='background:rgba(0,0,0,0); border:solid 0px rgba(0,0,0,0); border-radius:0px; padding:0px 0px 0px 0px;'>\n<div id='slider_164334' class='owl-carousel sa_owl_theme ' data-slider-id='slider_164334' style='visibility:hidden;'>\n<div id='slider_164334_slide01' class='sa_hover_container sa_vert_center_wrap' style='padding:0% 0%; margin:0px 5%; min-height:290px; '><div class='sa_hover_fullslide'><a class='sa_slide_link_icon' href='https:\/\/geoportal-vg.de\/geoportal\/index.php\/sample-page\/themenkarten\/kinder-und-bildung\/' target='_blank' title='' aria-label=''><\/a><\/div>\n<div class='sa_vert_center'><div class=\"bar-frame\">\r\n<div class=\"bar-square\" style=\"background-image: url('https:\/\/geoportal-vg.de\/geoportal\/wp-content\/uploads\/2023\/02\/kinder_bildung.png')\">\u00a0<\/div>\r\nKinder &amp; Bildung<\/div><\/div><\/div>\n<div id='slider_164334_slide02' class='sa_hover_container sa_vert_center_wrap' style='padding:0% 0%; margin:0px 5%; min-height:290px; '><div class='sa_hover_fullslide'><a class='sa_slide_link_icon' href='https:\/\/geoportal-vg.de\/geoportal\/index.php\/sample-page\/themenkarten\/gesundheit\/' target='_blank' title='' aria-label=''><\/a><\/div>\n<div class='sa_vert_center'><div class=\"bar-frame\">\r\n<div class=\"bar-square\" style=\"background-image: url('https:\/\/geoportal-vg.de\/geoportal\/wp-content\/uploads\/2023\/02\/gesundheit.png')\">\u00a0<\/div>\r\nGesundheit<\/div><\/div><\/div>\n<div id='slider_164334_slide03' class='sa_hover_container sa_vert_center_wrap' style='padding:0% 0%; margin:0px 5%; min-height:290px; '><div class='sa_hover_fullslide'><a class='sa_slide_link_icon' href='https:\/\/geoportal-vg.de\/geoportal\/index.php\/sample-page\/themenkarten\/pflege-und-soziales\/' target='_blank' title='' aria-label=''><\/a><\/div>\n<div class='sa_vert_center'><div class=\"bar-frame\">\r\n<div class=\"bar-square\" style=\"background-image: url('https:\/\/geoportal-vg.de\/geoportal\/wp-content\/uploads\/2023\/02\/pflege_soziales.png')\">\u00a0<\/div>\r\nPflege &amp; Soziales<\/div><\/div><\/div>\n<div id='slider_164334_slide04' class='sa_hover_container sa_vert_center_wrap' style='padding:0% 0%; margin:0px 5%; min-height:290px; '><div class='sa_hover_fullslide'><a class='sa_slide_link_icon' href='https:\/\/geoportal-vg.de\/geoportal\/index.php\/sample-page\/themenkarten\/liegenschaftskataster\/' target='_blank' title='' aria-label=''><\/a><\/div>\n<div class='sa_vert_center'><div class=\"bar-frame\">\r\n<div class=\"bar-square\" style=\"background-image: url('https:\/\/geoportal-vg.de\/geoportal\/wp-content\/uploads\/2023\/02\/kataster.png')\">\u00a0<\/div>\r\nLiegenschaftskataster<\/div><\/div><\/div>\n<div id='slider_164334_slide05' class='sa_hover_container sa_vert_center_wrap' style='padding:0% 0%; margin:0px 5%; min-height:290px; '><div class='sa_hover_fullslide'><a class='sa_slide_link_icon' href='https:\/\/geoportal-vg.de\/geoportal\/index.php\/sample-page\/themenkarten\/bodenschaetzung\/' target='_blank' title='' aria-label=''><\/a><\/div>\n<div class='sa_vert_center'><div class=\"bar-frame\">\r\n<div class=\"bar-square\" style=\"background-image: url('https:\/\/geoportal-vg.de\/geoportal\/wp-content\/uploads\/2023\/05\/bodenschaetzung.png')\">\u00a0<\/div>\r\nBodensch\u00e4tzung<\/div><\/div><\/div>\n<div id='slider_164334_slide06' class='sa_hover_container sa_vert_center_wrap' style='padding:0% 0%; margin:0px 5%; min-height:290px; '><div class='sa_hover_fullslide'><a class='sa_slide_link_icon' href='https:\/\/geoportal-vg.de\/geoportal\/index.php\/sample-page\/themenkarten\/bodenrichtwerte\/' target='_blank' title='' aria-label=''><\/a><\/div>\n<div class='sa_vert_center'><div class=\"bar-frame\">\r\n<div class=\"bar-square\" style=\"background-image: url('https:\/\/geoportal-vg.de\/geoportal\/wp-content\/uploads\/2023\/02\/bodenrichtwerte.png')\">\u00a0<\/div>\r\nBodenrichtwerte<\/div><\/div><\/div>\n<div id='slider_164334_slide07' class='sa_hover_container sa_vert_center_wrap' style='padding:0% 0%; margin:0px 5%; min-height:290px; '><div class='sa_hover_fullslide'><a class='sa_slide_link_icon' href='https:\/\/geoportal-vg.de\/geoportal\/index.php\/sample-page\/themenkarten\/planen-und-bauen\/' target='_blank' title='' aria-label=''><\/a><\/div>\n<div class='sa_vert_center'><div class=\"bar-frame\">\r\n<div class=\"bar-square\" style=\"background-image: url('https:\/\/geoportal-vg.de\/geoportal\/wp-content\/uploads\/2023\/02\/planen_bauen.png')\">\u00a0<\/div>\r\nPlanen &amp; Bauen<\/div><\/div><\/div>\n<div id='slider_164334_slide08' class='sa_hover_container sa_vert_center_wrap' style='padding:0% 0%; margin:0px 5%; min-height:290px; '><div class='sa_hover_fullslide'><a class='sa_slide_link_icon' href='https:\/\/geoportal-vg.de\/geoportal\/index.php\/sample-page\/themenkarten\/breitbandausbau-karte\/' target='_blank' title='' aria-label=''><\/a><\/div>\n<div class='sa_vert_center'><div class=\"bar-frame\">\r\n<div class=\"bar-square\" style=\"background-image: url('https:\/\/geoportal-vg.de\/geoportal\/wp-content\/uploads\/2023\/02\/breitbandausbau.png')\">\u00a0<\/div>\r\nBreitbandausbau<\/div><\/div><\/div>\n<div id='slider_164334_slide09' class='sa_hover_container sa_vert_center_wrap' style='padding:0% 0%; margin:0px 5%; min-height:290px; '><div class='sa_hover_fullslide'><a class='sa_slide_link_icon' href='https:\/\/geoportal-vg.de\/geoportal\/index.php\/sample-page\/themenkarten\/ver-und-entsorgung\/' target='_blank' title='' aria-label=''><\/a><\/div>\n<div class='sa_vert_center'><div class=\"bar-frame\">\r\n<div class=\"bar-square\" style=\"background-image: url('https:\/\/geoportal-vg.de\/geoportal\/wp-content\/uploads\/2023\/02\/recycling.png')\">\u00a0<\/div>\r\nVer- &amp; Entsorgung<\/div><\/div><\/div>\n<div id='slider_164334_slide10' class='sa_hover_container sa_vert_center_wrap' style='padding:0% 0%; margin:0px 5%; min-height:290px; '><div class='sa_hover_fullslide'><a class='sa_slide_link_icon' href='https:\/\/geoportal-vg.de\/geoportal\/index.php\/sample-page\/themenkarten\/naturschutz\/' target='_blank' title='' aria-label=''><\/a><\/div>\n<div class='sa_vert_center'><div class=\"bar-frame\">\r\n<div class=\"bar-square\" style=\"background-image: url('https:\/\/geoportal-vg.de\/geoportal\/wp-content\/uploads\/2023\/02\/naturschutz.png')\">\u00a0<\/div>\r\nNaturschutz<\/div><\/div><\/div>\n<div id='slider_164334_slide11' class='sa_hover_container sa_vert_center_wrap' style='padding:0% 0%; margin:0px 5%; min-height:290px; '><div class='sa_hover_fullslide'><a class='sa_slide_link_icon' href='https:\/\/geoportal-vg.de\/geoportal\/index.php\/sample-page\/themenkarten\/seuchenschutz\/' target='_blank' title='' aria-label=''><\/a><\/div>\n<div class='sa_vert_center'><div class=\"bar-frame\">\r\n<div class=\"bar-square\" style=\"background-image: url('https:\/\/geoportal-vg.de\/geoportal\/wp-content\/uploads\/2023\/02\/seuchenschutz.png')\">\u00a0<\/div>\r\nSeuchenschutz<\/div><\/div><\/div>\n<div id='slider_164334_slide12' class='sa_hover_container sa_vert_center_wrap' style='padding:0% 0%; margin:0px 5%; min-height:290px; '><div class='sa_hover_fullslide'><a class='sa_slide_link_icon' href='https:\/\/geoportal-vg.de\/geoportal\/index.php\/sample-page\/themenkarten\/strasse-und-verkehr\/' target='_blank' title='' aria-label=''><\/a><\/div>\n<div class='sa_vert_center'><div class=\"bar-frame\">\r\n<div class=\"bar-square\" style=\"background-image: url('https:\/\/geoportal-vg.de\/geoportal\/wp-content\/uploads\/2023\/02\/strassen_verkehr.png')\">\u00a0<\/div>\r\nStra\u00dfen &amp; Verkehr<\/div><\/div><\/div>\n<div id='slider_164334_slide13' class='sa_hover_container sa_vert_center_wrap' style='padding:0% 0%; margin:0px 5%; min-height:290px; '><div class='sa_hover_fullslide'><a class='sa_slide_link_icon' href='https:\/\/geoportal-vg.de\/geoportal\/index.php\/sample-page\/themenkarten\/tourismus\/' target='_blank' title='' aria-label=''><\/a><\/div>\n<div class='sa_vert_center'><div class=\"bar-frame\">\r\n<div class=\"bar-square\" style=\"background-image: url('https:\/\/geoportal-vg.de\/geoportal\/wp-content\/uploads\/2023\/05\/tourismus.png')\">\u00a0<\/div>\r\nTourismus<\/div><\/div><\/div>\n<div id='slider_164334_slide14' class='sa_hover_container sa_vert_center_wrap' style='padding:0% 0%; margin:0px 5%; min-height:290px; '><div class='sa_hover_fullslide'><a class='sa_slide_link_icon' href='https:\/\/geoportal-vg.de\/geoportal\/index.php\/sample-page\/themenkarten\/kehrbezirke\/' target='_blank' title='' aria-label=''><\/a><\/div>\n<div class='sa_vert_center'><div class=\"bar-frame\">\r\n<div class=\"bar-square\" style=\"background-image: url('https:\/\/geoportal-vg.de\/geoportal\/wp-content\/uploads\/2025\/10\/kehrbezirke.png')\">\u00a0<\/div>\r\nKehrbezirke<\/div><\/div><\/div>\n<\/div>\n<\/div>\n<script type='text\/javascript'>\n\tjQuery(document).ready(function() {\n\t\tjQuery('#slider_164334').owlCarousel({\n\t\t\tresponsive:{\n\t\t\t\t0:{ items:1 },\n\t\t\t\t480:{ items:1 },\n\t\t\t\t768:{ items:1 },\n\t\t\t\t980:{ items:3 },\n\t\t\t\t1200:{ items:4 },\n\t\t\t\t1500:{ items:4 }\n\t\t\t},\n\t\t\tautoplay : true,\n\t\t\tautoplayTimeout : 5000,\n\t\t\tautoplayHoverPause : true,\n\t\t\tsmartSpeed : 200,\n\t\t\tfluidSpeed : 200,\n\t\t\tautoplaySpeed : 200,\n\t\t\tnavSpeed : 200,\n\t\t\tdotsSpeed : 200,\n\t\t\tdotsEach : 1,\n\t\t\tloop : true,\n\t\t\tnav : true,\n\t\t\tnavText : ['Previous','Next'],\n\t\t\tdots : false,\n\t\t\tresponsiveRefreshRate : 200,\n\t\t\tslideBy : 3,\n\t\t\tmergeFit : true,\n\t\t\tautoHeight : false,\n\t\t\tmouseDrag : false,\n\t\t\ttouchDrag : true\n\t\t});\n\t\tjQuery('#slider_164334').css('visibility', 'visible');\n\t\tvar owl_goto = jQuery('#slider_164334');\n\t\tjQuery('.slider_164334_goto1').click(function(event){\n\t\t\towl_goto.trigger('to.owl.carousel', 0);\n\t\t});\n\t\tjQuery('.slider_164334_goto2').click(function(event){\n\t\t\towl_goto.trigger('to.owl.carousel', 1);\n\t\t});\n\t\tjQuery('.slider_164334_goto3').click(function(event){\n\t\t\towl_goto.trigger('to.owl.carousel', 2);\n\t\t});\n\t\tjQuery('.slider_164334_goto4').click(function(event){\n\t\t\towl_goto.trigger('to.owl.carousel', 3);\n\t\t});\n\t\tjQuery('.slider_164334_goto5').click(function(event){\n\t\t\towl_goto.trigger('to.owl.carousel', 4);\n\t\t});\n\t\tjQuery('.slider_164334_goto6').click(function(event){\n\t\t\towl_goto.trigger('to.owl.carousel', 5);\n\t\t});\n\t\tjQuery('.slider_164334_goto7').click(function(event){\n\t\t\towl_goto.trigger('to.owl.carousel', 6);\n\t\t});\n\t\tjQuery('.slider_164334_goto8').click(function(event){\n\t\t\towl_goto.trigger('to.owl.carousel', 7);\n\t\t});\n\t\tjQuery('.slider_164334_goto9').click(function(event){\n\t\t\towl_goto.trigger('to.owl.carousel', 8);\n\t\t});\n\t\tjQuery('.slider_164334_goto10').click(function(event){\n\t\t\towl_goto.trigger('to.owl.carousel', 9);\n\t\t});\n\t\tjQuery('.slider_164334_goto11').click(function(event){\n\t\t\towl_goto.trigger('to.owl.carousel', 10);\n\t\t});\n\t\tjQuery('.slider_164334_goto12').click(function(event){\n\t\t\towl_goto.trigger('to.owl.carousel', 11);\n\t\t});\n\t\tjQuery('.slider_164334_goto13').click(function(event){\n\t\t\towl_goto.trigger('to.owl.carousel', 12);\n\t\t});\n\t\tjQuery('.slider_164334_goto14').click(function(event){\n\t\t\towl_goto.trigger('to.owl.carousel', 13);\n\t\t});\n\t\tvar resize_164334 = jQuery('.owl-carousel');\n\t\tresize_164334.on('initialized.owl.carousel', function(e) {\n\t\t\tif (typeof(Event) === 'function') {\n\t\t\t\twindow.dispatchEvent(new Event('resize'));\n\t\t\t} else {\n\t\t\t\tvar evt = window.document.createEvent('UIEvents');\n\t\t\t\tevt.initUIEvent('resize', true, false, window, 0);\n\t\t\t\twindow.dispatchEvent(evt);\n\t\t\t}\n\t\t});\n\t});\n<\/script>\n\n\n\n\n<div style=\"text-align: right;\"><a style=\"cursor:pointer;font-weight: 200;line-height: 5rem\" href=\"https:\/\/geoportal-vg.de\/geoportal\/index.php\/sample-page\/themenkarten\/\">Zur \u00dcbersicht&nbsp;&nbsp;<i class=\"fa fa-clone\" aria-hidden=\"true\"><\/i><\/a><\/div>\n\n\n\n<hr class=\"wp-block-separator has-alpha-channel-opacity\"\/>\n\n\n\n<h3 class=\"wp-block-heading\">Aktuelle Meldungen<\/h3>\n\n\n\n<!-- NOTE: If you need to make changes to this file, copy it to your current theme's main\n\tdirectory so your changes won't be overwritten when the plugin is upgraded. -->\n\n<!-- Post Wrap Start-->\n<div class=\"post hentry ivycat-post\">\n\n\t<!-- \tThis outputs the post TITLE -->\n\t<h2 class=\"entry-title\"><a href=\"https:\/\/geoportal-vg.de\/geoportal\/index.php\/2026\/04\/06\/neue-version-kvwmap-4-1\/\">Neue Version \u2013 kvwmap 4.1!<\/a><\/h2>\n\n\t<!-- \tThis outputs the post EXCERPT.  To display full content including images and html,\n\t\treplace the_excerpt(); with the_content();  below. -->\n\t<div class=\"entry-summary\">\n\t\t<p>Das WebGIS kvwmap wurde auf die Version 4.1 aktualisiert. Welche Verbesserungen die neueste Version mit sich bringt, k\u00f6nnen Sie hier \u00bb nachgelesen. Falls dennoch Fragen oder Probleme auftreten, kontaktieren Sie uns \u00bb bitte!&hellip; <a class=\"read-more\" href=\"https:\/\/geoportal-vg.de\/geoportal\/index.php\/2026\/04\/06\/neue-version-kvwmap-4-1\/\">Read More<\/a><\/p>\n\t<\/div>\n\n\t<!--\tThis outputs the post META information -->\n\t<div class=\"entry-utility\">\n\t\t\t\t\t<span class=\"cat-links\">\n\t\t\t\t<span class=\"entry-utility-prep entry-utility-prep-cat-links\">Posted in<\/span> <a href=\"https:\/\/geoportal-vg.de\/geoportal\/index.php\/category\/geoportal-vg\/kvwmap\/\" rel=\"category tag\">kvwmap<\/a>\t\t\t<\/span>\n\t\t\t<span class=\"meta-sep\">|<\/span>\n\t\t\t\t\t\t<span class=\"comments-link\">\n\t\t\t<span>Kommentare deaktiviert<span class=\"screen-reader-text\"> f\u00fcr Neue Version \u2013 kvwmap 4.1!<\/span><\/span>\t\t<\/span>\n\t\t\t<\/div>\n<\/div>\n<!-- \/\/ Post Wrap End -->\n\n<!-- NOTE: If you need to make changes to this file, copy it to your current theme's main\n\tdirectory so your changes won't be overwritten when the plugin is upgraded. -->\n\n<!-- Post Wrap Start-->\n<div class=\"post hentry ivycat-post\">\n\n\t<!-- \tThis outputs the post TITLE -->\n\t<h2 class=\"entry-title\"><a href=\"https:\/\/geoportal-vg.de\/geoportal\/index.php\/2025\/11\/04\/neue-themenkarte-kehrbezirke\/\">Neue Themenkarte &#8222;Kehrbezirke&#8220;<\/a><\/h2>\n\n\t<!-- \tThis outputs the post EXCERPT.  To display full content including images and html,\n\t\treplace the_excerpt(); with the_content();  below. -->\n\t<div class=\"entry-summary\">\n\t\t<p>Im GeoPortal des Landkreises k\u00f6nnen Sie nun jederzeit und unkompliziert den zust\u00e4ndigen bevollm\u00e4chtigten Bezirksschornsteinfeger in ihrem Gebiet ermitteln. Die Themenkarte >> Kehrbezirke &lt;&lt; erleichtert es, den richtigen Ansprechpartner f\u00fcr die Durchf\u00fchrung hoheitlicher Schornsteinfegert\u00e4tigkeiten, wie zum Beispiel von Feuerst\u00e4ttenschauen oder Abnahmen, zu finden.&hellip; <a class=\"read-more\" href=\"https:\/\/geoportal-vg.de\/geoportal\/index.php\/2025\/11\/04\/neue-themenkarte-kehrbezirke\/\">Read More<\/a><\/p>\n\t<\/div>\n\n\t<!--\tThis outputs the post META information -->\n\t<div class=\"entry-utility\">\n\t\t\t\t\t<span class=\"cat-links\">\n\t\t\t\t<span class=\"entry-utility-prep entry-utility-prep-cat-links\">Posted in<\/span> <a href=\"https:\/\/geoportal-vg.de\/geoportal\/index.php\/category\/geoportal-vg\/\" rel=\"category tag\">GeoPortal.VG<\/a>\t\t\t<\/span>\n\t\t\t<span class=\"meta-sep\">|<\/span>\n\t\t\t\t\t\t\t<span class=\"tag-links\">\n\t\t\t\t<span class=\"entry-utility-prep entry-utility-prep-tag-links\">Tagged<\/span> <a href=\"https:\/\/geoportal-vg.de\/geoportal\/index.php\/tag\/themenkarten\/\" rel=\"tag\">Themenkarten<\/a>\t\t\t<\/span>\n\t\t\t<span class=\"meta-sep\">|<\/span>\n\t\t\t\t<span class=\"comments-link\">\n\t\t\t<span>Kommentare deaktiviert<span class=\"screen-reader-text\"> f\u00fcr Neue Themenkarte &#8222;Kehrbezirke&#8220;<\/span><\/span>\t\t<\/span>\n\t\t\t<\/div>\n<\/div>\n<!-- \/\/ Post Wrap End -->\n\n<!-- NOTE: If you need to make changes to this file, copy it to your current theme's main\n\tdirectory so your changes won't be overwritten when the plugin is upgraded. -->\n\n<!-- Post Wrap Start-->\n<div class=\"post hentry ivycat-post\">\n\n\t<!-- \tThis outputs the post TITLE -->\n\t<h2 class=\"entry-title\"><a href=\"https:\/\/geoportal-vg.de\/geoportal\/index.php\/2025\/08\/06\/themenkarten-im-neuen-design\/\">Themenkarten im neuen Design<\/a><\/h2>\n\n\t<!-- \tThis outputs the post EXCERPT.  To display full content including images and html,\n\t\treplace the_excerpt(); with the_content();  below. -->\n\t<div class=\"entry-summary\">\n\t\t<p>Mit dem heutigen Tag, stehen Ihnen die Themenkarten im GeoPortal.VG mit einer neuen und komplett \u00fcberarbeiteten Benutzeroberfl\u00e4che zur Verf\u00fcgung. Die technische Basis der Themenkarten im GeoPortal.VG ist die Open-Source-Software Masterportal. Diese wurde umfassend modernisiert und bringt zahlreiche Verbesserungen, wie beispielsweise eine intuitivere Men\u00fcf\u00fchrung und die optimierte Darstellung auf mobilen Endger\u00e4ten mit sich. Der Atlas.VG als&hellip; <a class=\"read-more\" href=\"https:\/\/geoportal-vg.de\/geoportal\/index.php\/2025\/08\/06\/themenkarten-im-neuen-design\/\">Read More<\/a><\/p>\n\t<\/div>\n\n\t<!--\tThis outputs the post META information -->\n\t<div class=\"entry-utility\">\n\t\t\t\t\t<span class=\"cat-links\">\n\t\t\t\t<span class=\"entry-utility-prep entry-utility-prep-cat-links\">Posted in<\/span> <a href=\"https:\/\/geoportal-vg.de\/geoportal\/index.php\/category\/geoportal-vg\/\" rel=\"category tag\">GeoPortal.VG<\/a>\t\t\t<\/span>\n\t\t\t<span class=\"meta-sep\">|<\/span>\n\t\t\t\t\t\t\t<span class=\"tag-links\">\n\t\t\t\t<span class=\"entry-utility-prep entry-utility-prep-tag-links\">Tagged<\/span> <a href=\"https:\/\/geoportal-vg.de\/geoportal\/index.php\/tag\/atlas-vg\/\" rel=\"tag\">Atlas.VG<\/a>, <a href=\"https:\/\/geoportal-vg.de\/geoportal\/index.php\/tag\/themenkarten\/\" rel=\"tag\">Themenkarten<\/a>, <a href=\"https:\/\/geoportal-vg.de\/geoportal\/index.php\/tag\/update\/\" rel=\"tag\">Update<\/a>, <a href=\"https:\/\/geoportal-vg.de\/geoportal\/index.php\/tag\/version\/\" rel=\"tag\">Version<\/a>\t\t\t<\/span>\n\t\t\t<span class=\"meta-sep\">|<\/span>\n\t\t\t\t<span class=\"comments-link\">\n\t\t\t<span>Kommentare deaktiviert<span class=\"screen-reader-text\"> f\u00fcr Themenkarten im neuen Design<\/span><\/span>\t\t<\/span>\n\t\t\t<\/div>\n<\/div>\n<!-- \/\/ Post Wrap End -->\n\n","protected":false},"excerpt":{"rendered":"<p>Raumbezogene Informationen einfach und komfortabel recherchieren und nutzen. Thematische Karten Zur \u00dcbersicht&nbsp;&nbsp; Aktuelle Meldungen&hellip; <a class=\"read-more\" href=\"https:\/\/geoportal-vg.de\/geoportal\/index.php\/2025\/08\/06\/themenkarten-im-neuen-design\/\">Read More<\/a><\/p>\n","protected":false},"author":1,"featured_media":0,"parent":0,"menu_order":1,"comment_status":"closed","ping_status":"open","template":"page-nosidebar.php","meta":{"footnotes":""},"class_list":["post-2","page","type-page","status-publish","hentry"],"jetpack_sharing_enabled":true,"_links":{"self":[{"href":"https:\/\/geoportal-vg.de\/geoportal\/index.php\/wp-json\/wp\/v2\/pages\/2","targetHints":{"allow":["GET"]}}],"collection":[{"href":"https:\/\/geoportal-vg.de\/geoportal\/index.php\/wp-json\/wp\/v2\/pages"}],"about":[{"href":"https:\/\/geoportal-vg.de\/geoportal\/index.php\/wp-json\/wp\/v2\/types\/page"}],"author":[{"embeddable":true,"href":"https:\/\/geoportal-vg.de\/geoportal\/index.php\/wp-json\/wp\/v2\/users\/1"}],"replies":[{"embeddable":true,"href":"https:\/\/geoportal-vg.de\/geoportal\/index.php\/wp-json\/wp\/v2\/comments?post=2"}],"version-history":[{"count":77,"href":"https:\/\/geoportal-vg.de\/geoportal\/index.php\/wp-json\/wp\/v2\/pages\/2\/revisions"}],"predecessor-version":[{"id":166409,"href":"https:\/\/geoportal-vg.de\/geoportal\/index.php\/wp-json\/wp\/v2\/pages\/2\/revisions\/166409"}],"wp:attachment":[{"href":"https:\/\/geoportal-vg.de\/geoportal\/index.php\/wp-json\/wp\/v2\/media?parent=2"}],"curies":[{"name":"wp","href":"https:\/\/api.w.org\/{rel}","templated":true}]}}