{"id":258,"date":"2017-07-12T11:21:17","date_gmt":"2017-07-12T11:21:17","guid":{"rendered":"http:\/\/geoportal-vg.de\/geoportal\/?page_id=258"},"modified":"2022-10-13T06:39:55","modified_gmt":"2022-10-13T06:39:55","slug":"gdi-mv","status":"publish","type":"page","link":"https:\/\/geoportal-vg.de\/geoportal\/index.php\/sample-page\/gdi-mv\/","title":{"rendered":"GDI-MV"},"content":{"rendered":"<p><img loading=\"lazy\" decoding=\"async\" class=\"size-full wp-image-2712 alignleft\" src=\"https:\/\/geoportal-vg.de\/geoportal\/wp-content\/uploads\/2018\/10\/GDI_MV_200x157.png\" alt=\"\" width=\"200\" height=\"154\" \/><\/p>\n<p style=\"text-align: justify;\">Die Geodateninfrastruktur Mecklenburg-Vorpommern (GDI-MV) verfolgt das Ziel, Geodaten und die entsprechenden Metadaten bereitzustellen. Dies erfolgt entsprechend den Bed\u00fcrfnissen der \u00f6ffentlichen Verwaltung, der Wirtschaft und der B\u00fcrger auf Grundlage einer geeigneten technischen Infrastruktur. Hierbei werden die Anforderungen der Richtlinie 2007\/2\/EG des Europ\u00e4ischen Parlaments und des Rates zur Schaffung einer Geodateninfrastruktur in der Europ\u00e4ischen Gemeinschaft (<a href=\"https:\/\/geoportal-vg.de\/geoportal\/index.php\/sample-page\/gdi-mv\/inspire\/\">INSPIRE<\/a>) und des Geoinformations- und Vermessungsgesetzes (<a href=\"https:\/\/geoportal-vg.de\/geoportal\/index.php\/glossar\/geovermg-m-v\/\">GeoVermG M-V<\/a>) ber\u00fccksichtigt. Zugleich erfolgt eine enge Abstimmung mit dem nationalen Vorhaben Geodateninfrastruktur-Deutschland (<a href=\"https:\/\/geoportal-vg.de\/geoportal\/index.php\/sample-page\/gdi-mv\/gdi-de\/\">GDI-DE<\/a>).<\/p>\n<p>Aufbau und Betrieb der GDI-MV sind Landesaufgaben. Das Landesamt f\u00fcr innere Verwaltung (<a href=\"https:\/\/www.laiv-mv.de\/\">LAiV<\/a>) nimmt die Aufgaben der Koordinierungsstelle f\u00fcr Geoinformationswesen (<a href=\"https:\/\/www.laiv-mv.de\/gdimv\/\">KGeo<\/a>) nach \u00a7 13 <a href=\"https:\/\/geoportal-vg.de\/geoportal\/index.php\/glossar\/geovermg-m-v\/\">GeoVermG M-V<\/a> wahr.<\/p>\n<hr \/>\n<h4><a href=\"https:\/\/www.geoportal-mv.de\/portal\/\">GeoPortal.MV<\/a><\/h4>\n<p><a href=\"https:\/\/www.geoportal-mv.de\/portal\/\" target=\"_blank\" rel=\"noopener\"><img loading=\"lazy\" decoding=\"async\" class=\"alignnone wp-image-2714 size-medium\" title=\"Externer Link: Das Geoportal.MV - vernetzte Geodaten aus MV \u00a9 LAiV\" src=\"https:\/\/geoportal-vg.de\/geoportal\/wp-content\/uploads\/2018\/10\/geoportal-mv_768x432-300x169.jpg\" alt=\"Geoportal Mecklenburg-Vorpommern\" width=\"300\" height=\"169\" srcset=\"https:\/\/geoportal-vg.de\/geoportal\/wp-content\/uploads\/2018\/10\/geoportal-mv_768x432-300x169.jpg 300w, https:\/\/geoportal-vg.de\/geoportal\/wp-content\/uploads\/2018\/10\/geoportal-mv_768x432.jpg 768w, https:\/\/geoportal-vg.de\/geoportal\/wp-content\/uploads\/2018\/10\/geoportal-mv_768x432-640x360.jpg 640w\" sizes=\"auto, (max-width: 300px) 100vw, 300px\" \/><\/a><\/p>\n","protected":false},"excerpt":{"rendered":"<p>Die Geodateninfrastruktur Mecklenburg-Vorpommern (GDI-MV) verfolgt das Ziel, Geodaten und die entsprechenden Metadaten bereitzustellen. Dies erfolgt entsprechend den Bed\u00fcrfnissen der \u00f6ffentlichen Verwaltung, der Wirtschaft und der B\u00fcrger auf Grundlage einer geeigneten technischen Infrastruktur. Hierbei werden die Anforderungen der Richtlinie 2007\/2\/EG des Europ\u00e4ischen Parlaments und des Rates zur Schaffung einer Geodateninfrastruktur in der Europ\u00e4ischen Gemeinschaft (INSPIRE) und&hellip; <a class=\"read-more\" href=\"https:\/\/geoportal-vg.de\/geoportal\/index.php\/sample-page\/gdi-mv\/\">Read More<\/a><\/p>\n","protected":false},"author":1,"featured_media":0,"parent":2,"menu_order":8,"comment_status":"closed","ping_status":"closed","template":"page-nosidebar.php","meta":{"footnotes":""},"class_list":["post-258","page","type-page","status-publish","hentry"],"jetpack_sharing_enabled":true,"_links":{"self":[{"href":"https:\/\/geoportal-vg.de\/geoportal\/index.php\/wp-json\/wp\/v2\/pages\/258","targetHints":{"allow":["GET"]}}],"collection":[{"href":"https:\/\/geoportal-vg.de\/geoportal\/index.php\/wp-json\/wp\/v2\/pages"}],"about":[{"href":"https:\/\/geoportal-vg.de\/geoportal\/index.php\/wp-json\/wp\/v2\/types\/page"}],"author":[{"embeddable":true,"href":"https:\/\/geoportal-vg.de\/geoportal\/index.php\/wp-json\/wp\/v2\/users\/1"}],"replies":[{"embeddable":true,"href":"https:\/\/geoportal-vg.de\/geoportal\/index.php\/wp-json\/wp\/v2\/comments?post=258"}],"version-history":[{"count":17,"href":"https:\/\/geoportal-vg.de\/geoportal\/index.php\/wp-json\/wp\/v2\/pages\/258\/revisions"}],"predecessor-version":[{"id":165849,"href":"https:\/\/geoportal-vg.de\/geoportal\/index.php\/wp-json\/wp\/v2\/pages\/258\/revisions\/165849"}],"up":[{"embeddable":true,"href":"https:\/\/geoportal-vg.de\/geoportal\/index.php\/wp-json\/wp\/v2\/pages\/2"}],"wp:attachment":[{"href":"https:\/\/geoportal-vg.de\/geoportal\/index.php\/wp-json\/wp\/v2\/media?parent=258"}],"curies":[{"name":"wp","href":"https:\/\/api.w.org\/{rel}","templated":true}]}}