{"id":262,"date":"2017-07-12T13:00:29","date_gmt":"2017-07-12T13:00:29","guid":{"rendered":"http:\/\/geoportal-vg.de\/geoportal\/?page_id=262"},"modified":"2025-09-02T11:41:27","modified_gmt":"2025-09-02T11:41:27","slug":"gdi-de","status":"publish","type":"page","link":"https:\/\/geoportal-vg.de\/geoportal\/index.php\/sample-page\/gdi-mv\/gdi-de\/","title":{"rendered":"GDI-DE"},"content":{"rendered":"<p><img loading=\"lazy\" decoding=\"async\" class=\"size-full wp-image-2709 alignleft\" src=\"https:\/\/geoportal-vg.de\/geoportal\/wp-content\/uploads\/2018\/10\/GDI-DE_200x157.png\" alt=\"\" width=\"200\" height=\"157\" \/><\/p>\n<p style=\"text-align: justify;\">Die Geodateninfrastruktur Deutschland (GDI-DE) ist ein gemeinsames Vorhaben von Bund, L\u00e4ndern und Kommunen hinsichtlich der Umsetzung der Richtlinie 2007\/2\/EG des Europ\u00e4ischen Parlaments und des Rates zur Schaffung einer europ\u00e4ischen Geodateninfrastruktur (<a href=\"https:\/\/geoportal-vg.de\/geoportal\/index.php\/sample-page\/gdi-mv\/inspire\/\">INSPIRE<\/a>) mit dem Ziel, Geodaten und die entsprechenden Metadaten interoperabel \u00fcber Netzdienste bereitzustellen. Integrale Bestandteile sind die jeweiligen Geodateninfrastrukturen des Bundes und in den L\u00e4ndern, wobei die Aktivit\u00e4ten der Kommunen auf L\u00e4nderebene mit koordiniert werden. Grundlage f\u00fcr die Aktivit\u00e4ten bildet die Verwaltungsvereinbarung zum gemeinsamen Aufbau und Betrieb der GDI-DE (<a href=\"https:\/\/www.gdi-de.org\/download\/GDI-DE_Verwaltungsvereinbarung_2017.pdf\">VV GDI-DE<\/a>).<\/p>\n<p style=\"text-align: justify;\">Die Architektur der GDI-DE basiert auf etablierten nationalen und internationalen Normen und Standards aus dem Bereich der allgemeinen Informationstechnologie und des Geoinformationswesens:<\/p>\n<ul>\n<li>Normen der ISO (International Organization for Standardization)<\/li>\n<li>Standards des <a href=\"https:\/\/geoportal-vg.de\/geoportal\/index.php\/glossar\/ogc\/\">OGC<\/a> (Open Geospatial Consortium)<\/li>\n<li>Standardisierungen des <a href=\"https:\/\/geoportal-vg.de\/geoportal\/index.php\/glossar\/w3c\/\">W3C<\/a> (World Wide Web Consortium)<\/li>\n<li>INSPIRE Implementing Rules\/Technical Guidance Documents<\/li>\n<\/ul>\n<p style=\"text-align: justify;\">Von dem Aufbau der Geodateninfrastrukturen sind in erster Linie Beh\u00f6rden betroffen, die Geodaten im Rahmen einer gesetzlichen Pflichtaufgabe digital sammeln und bereitstellen. F\u00fcr das Bundesland Mecklenburg-Vorpommern regelt der \u00a7 9 des Geoinformations- und Vermessungsgesetzes (<a href=\"https:\/\/geoportal-vg.de\/geoportal\/index.php\/glossar\/geovermg-m-v\/\">GeoVermG M-V<\/a>) den sachlichen Anwendungsbereich.<\/p>\n<hr \/>\n<div class=\"container\">\n<div class=\"row\">\n<div class=\"col-md-4\">\n<h4><a href=\"https:\/\/wiki.gdi-de.org\/display\/gdide\/Willkommen+im+GDI-DE+Wiki\">Geodateninfrastruktur Deutschland<\/a><\/h4>\n<p><a href=\"https:\/\/wiki.gdi-de.org\/display\/gdide\/Willkommen+im+GDI-DE+Wiki\" target=\"_blank\" rel=\"noopener\"><img loading=\"lazy\" decoding=\"async\" class=\"alignnone wp-image-2716\" title=\"Externer Link: wiki.gdi-de.org \u00a9 Geodateninfrastruktur Deutschland\" src=\"https:\/\/geoportal-vg.de\/geoportal\/wp-content\/uploads\/2018\/10\/GDI_DE_768x432-300x147.png\" alt=\"Geodateninfrastruktur Deutschland\" width=\"345\" height=\"169\" srcset=\"https:\/\/geoportal-vg.de\/geoportal\/wp-content\/uploads\/2018\/10\/GDI_DE_768x432-300x147.png 300w, https:\/\/geoportal-vg.de\/geoportal\/wp-content\/uploads\/2018\/10\/GDI_DE_768x432-768x376.png 768w, https:\/\/geoportal-vg.de\/geoportal\/wp-content\/uploads\/2018\/10\/GDI_DE_768x432.png 882w\" sizes=\"auto, (max-width: 345px) 100vw, 345px\" \/><\/a><\/div>\n<div class=\"col-md-4\">\n<h4><a href=\"https:\/\/www.geoportal.de\/\">Geoportal.de<\/a><\/h4>\n<p><a href=\"https:\/\/www.geoportal.de\/\" target=\"_blank\" rel=\"noopener\"><img loading=\"lazy\" decoding=\"async\" class=\"alignnone wp-image-2715 size-medium\" title=\"Externer Link: Geoportal.de suchen. finden. verbinden \u00a9 Geoportal Deutschland\" src=\"https:\/\/geoportal-vg.de\/geoportal\/wp-content\/uploads\/2018\/10\/Geoportal_DE_768x432-300x169.jpg\" alt=\"Geoportal Deutschland\" width=\"300\" height=\"169\" srcset=\"https:\/\/geoportal-vg.de\/geoportal\/wp-content\/uploads\/2018\/10\/Geoportal_DE_768x432-300x169.jpg 300w, https:\/\/geoportal-vg.de\/geoportal\/wp-content\/uploads\/2018\/10\/Geoportal_DE_768x432.jpg 768w, https:\/\/geoportal-vg.de\/geoportal\/wp-content\/uploads\/2018\/10\/Geoportal_DE_768x432-640x360.jpg 640w\" sizes=\"auto, (max-width: 300px) 100vw, 300px\" \/><\/a><\/div>\n<div class=\"col-md-4\">\n<\/div>\n<\/div>\n<\/div>\n","protected":false},"excerpt":{"rendered":"<p>Die Geodateninfrastruktur Deutschland (GDI-DE) ist ein gemeinsames Vorhaben von Bund, L\u00e4ndern und Kommunen hinsichtlich der Umsetzung der Richtlinie 2007\/2\/EG des Europ\u00e4ischen Parlaments und des Rates zur Schaffung einer europ\u00e4ischen Geodateninfrastruktur (INSPIRE) mit dem Ziel, Geodaten und die entsprechenden Metadaten interoperabel \u00fcber Netzdienste bereitzustellen. Integrale Bestandteile sind die jeweiligen Geodateninfrastrukturen des Bundes und in den L\u00e4ndern,&hellip; <a class=\"read-more\" href=\"https:\/\/geoportal-vg.de\/geoportal\/index.php\/sample-page\/gdi-mv\/gdi-de\/\">Read More<\/a><\/p>\n","protected":false},"author":1,"featured_media":0,"parent":258,"menu_order":2,"comment_status":"closed","ping_status":"closed","template":"page-nosidebar.php","meta":{"footnotes":""},"class_list":["post-262","page","type-page","status-publish","hentry"],"jetpack_sharing_enabled":true,"_links":{"self":[{"href":"https:\/\/geoportal-vg.de\/geoportal\/index.php\/wp-json\/wp\/v2\/pages\/262","targetHints":{"allow":["GET"]}}],"collection":[{"href":"https:\/\/geoportal-vg.de\/geoportal\/index.php\/wp-json\/wp\/v2\/pages"}],"about":[{"href":"https:\/\/geoportal-vg.de\/geoportal\/index.php\/wp-json\/wp\/v2\/types\/page"}],"author":[{"embeddable":true,"href":"https:\/\/geoportal-vg.de\/geoportal\/index.php\/wp-json\/wp\/v2\/users\/1"}],"replies":[{"embeddable":true,"href":"https:\/\/geoportal-vg.de\/geoportal\/index.php\/wp-json\/wp\/v2\/comments?post=262"}],"version-history":[{"count":28,"href":"https:\/\/geoportal-vg.de\/geoportal\/index.php\/wp-json\/wp\/v2\/pages\/262\/revisions"}],"predecessor-version":[{"id":166464,"href":"https:\/\/geoportal-vg.de\/geoportal\/index.php\/wp-json\/wp\/v2\/pages\/262\/revisions\/166464"}],"up":[{"embeddable":true,"href":"https:\/\/geoportal-vg.de\/geoportal\/index.php\/wp-json\/wp\/v2\/pages\/258"}],"wp:attachment":[{"href":"https:\/\/geoportal-vg.de\/geoportal\/index.php\/wp-json\/wp\/v2\/media?parent=262"}],"curies":[{"name":"wp","href":"https:\/\/api.w.org\/{rel}","templated":true}]}}